{"id":6,"date":"2024-04-24T11:24:54","date_gmt":"2024-04-24T11:24:54","guid":{"rendered":"https:\/\/www.jonnart.fi\/?page_id=6"},"modified":"2026-04-24T21:54:33","modified_gmt":"2026-04-24T21:54:33","slug":"jonna-stenman-watercolor-art","status":"publish","type":"page","link":"https:\/\/www.jonnart.fi\/","title":{"rendered":"Akvareller Akvarelleja Watercolour art"},"content":{"rendered":"\n<div class=\"wp-block-media-text is-stacked-on-mobile\" style=\"grid-template-columns:27% auto\"><figure class=\"wp-block-media-text__media\"><img loading=\"lazy\" decoding=\"async\" width=\"768\" height=\"1024\" src=\"https:\/\/www.jonnart.fi\/wp-content\/uploads\/2024\/05\/IMG_20231015_194639-768x1024.jpg\" alt=\"\" class=\"wp-image-252 size-full\" srcset=\"https:\/\/www.jonnart.fi\/wp-content\/uploads\/2024\/05\/IMG_20231015_194639-768x1024.jpg 768w, https:\/\/www.jonnart.fi\/wp-content\/uploads\/2024\/05\/IMG_20231015_194639-225x300.jpg 225w, https:\/\/www.jonnart.fi\/wp-content\/uploads\/2024\/05\/IMG_20231015_194639-113x150.jpg 113w, https:\/\/www.jonnart.fi\/wp-content\/uploads\/2024\/05\/IMG_20231015_194639-1152x1536.jpg 1152w, https:\/\/www.jonnart.fi\/wp-content\/uploads\/2024\/05\/IMG_20231015_194639-1536x2048.jpg 1536w, https:\/\/www.jonnart.fi\/wp-content\/uploads\/2024\/05\/IMG_20231015_194639-300x400.jpg 300w, https:\/\/www.jonnart.fi\/wp-content\/uploads\/2024\/05\/IMG_20231015_194639-850x1133.jpg 850w, https:\/\/www.jonnart.fi\/wp-content\/uploads\/2024\/05\/IMG_20231015_194639-scaled.jpg 1920w\" sizes=\"auto, (max-width: 768px) 100vw, 768px\" \/><\/figure><div class=\"wp-block-media-text__content\">\n<p><\/p>\n\n\n\n<p>Jonna Stenman &amp; Molly<\/p>\n<\/div><\/div>\n\n\n\n<p><\/p>\n\n\n\n<p>V\u00e4lkommen till min hemsida! Den \u00e4r sj\u00e4lvgjord, s\u00e5 finns det fel f\u00e5r ni g\u00e4rna ber\u00e4tta. H\u00e4r vill jag i alla fall visa n\u00e5gra av mina senaste konstverk. \u00c4r du intresserad av n\u00e5t du ser s\u00e5 ta kontakt! Jag f\u00f6rs\u00f6ker hinna uppdatera i den takt jag m\u00e5lar och verken blir s\u00e5lda. Best\u00e4llningsverk kan jag dessv\u00e4rre inte just nu ta emot. P\u00e5 sidan hittar ni ocks\u00e5 <a href=\"https:\/\/www.jonnart.fi\/index.php\/utstallningar-nayttelyita-exhibitions\/\" data-type=\"page\" data-id=\"90\">info om n\u00e4sta utst\u00e4llning<\/a>.<\/p>\n\n\n\n<p>\u00c5r 2026 har b\u00f6rjat med fart &#8211; jag fick utm\u00e4rkelsen &#8221;stigande stj\u00e4rna&#8221; som en av 200 bland mer \u00e4n 2200 bidrag till International Watercolour Masters 2026 I Lilleshall i maj. Det k\u00e4nns toppen, fast min tavla endast deltar i den virtuella delen av tillst\u00e4llningen. Men stj\u00e4rna ja det \u00e4r inte fy skam det! Sedan valdes jag med i European confederation of watercolour societies symposium i Gdansk i september, och s\u00e5 blir det \u00e5tminstone tre utst\u00e4llningar! <\/p>\n\n\n\n<p>SUOMEKSI<\/p>\n\n\n\n<p>Tervetuloa kotisivuilleni! Sivusto on itse tehty, joten jos huomaatte virheit\u00e4, saatte mielell\u00e4\u00e4n kertoa niist\u00e4 minulle. Haluan joka tapauksessa esitell\u00e4 t\u00e4\u00e4ll\u00e4 joitakin viimeisimmist\u00e4 taideteoksistani. Jos jokin teos kiinnostaa, ottakaa yhteytt\u00e4! Yrit\u00e4n p\u00e4ivitt\u00e4\u00e4 sivuja sit\u00e4 mukaa kun maalaan ja teoksia menee kaupaksi. Tilaust\u00f6it\u00e4 en valitettavasti pysty t\u00e4ll\u00e4 hetkell\u00e4 ottamaan vastaan. Sivuilta l\u00f6yd\u00e4tte my\u00f6s tietoa seuraavasta n\u00e4yttelyst\u00e4.<\/p>\n\n\n\n<p>Vuosi 2026 on alkanut vauhdikkaasti \u2013 sain tunnustuksen &#8221;nouseva t\u00e4hti&#8221; yhten\u00e4 200:sta yli 2200 teoksen joukosta ennen International Watercolour Masters 2026 -tapahtumaa ennen pidett\u00e4v\u00e4ss\u00e4 kilpailussa. Se tuntuu hienolta, vaikka teokseni osallistuukin vain Lilleshallissa toukokuussabtapahtuman virtuaaliseen osaan. Mutta t\u00e4hti kuin t\u00e4hti \u2013 ei yht\u00e4\u00e4n hullumpaa! Minut valittiin my\u00f6s mukaan European Confederation of Watercolour Societies -symposiumiin Gdanskiin syyskuussa, ja lis\u00e4ksi luvassa on ainakin kolme n\u00e4yttely\u00e4 viel\u00e4!<\/p>\n\n\n\n<p>ENGLISH<\/p>\n\n\n\n<p>Welcome to my homepage. They are not completed, and perhaps never will be. Nontheless I would like to show you a few of my works. I hope you like them.<\/p>\n\n\n\n<div style=\"height:16px\" aria-hidden=\"true\" class=\"wp-block-spacer\"><\/div>\n\n\n\n<div class=\"wp-block-cover is-light has-white-color has-text-color has-link-color wp-elements-23f0f0521be666f1e728aed7323a7579\"><img loading=\"lazy\" decoding=\"async\" width=\"1024\" height=\"745\" class=\"wp-block-cover__image-background wp-image-32\" alt=\"\" src=\"https:\/\/www.jonnart.fi\/wp-content\/uploads\/2024\/04\/121_Bla-vag_Sininen-aalto_2023_33x46_-1-1024x745.jpg\" data-object-fit=\"cover\" srcset=\"https:\/\/www.jonnart.fi\/wp-content\/uploads\/2024\/04\/121_Bla-vag_Sininen-aalto_2023_33x46_-1-1024x745.jpg 1024w, https:\/\/www.jonnart.fi\/wp-content\/uploads\/2024\/04\/121_Bla-vag_Sininen-aalto_2023_33x46_-1-300x218.jpg 300w, https:\/\/www.jonnart.fi\/wp-content\/uploads\/2024\/04\/121_Bla-vag_Sininen-aalto_2023_33x46_-1-768x559.jpg 768w, https:\/\/www.jonnart.fi\/wp-content\/uploads\/2024\/04\/121_Bla-vag_Sininen-aalto_2023_33x46_-1-1536x1118.jpg 1536w, https:\/\/www.jonnart.fi\/wp-content\/uploads\/2024\/04\/121_Bla-vag_Sininen-aalto_2023_33x46_-1-2048x1491.jpg 2048w\" sizes=\"auto, (max-width: 1024px) 100vw, 1024px\" \/><span aria-hidden=\"true\" class=\"wp-block-cover__background has-background-dim-0 has-background-dim\"><\/span><div class=\"wp-block-cover__inner-container is-layout-flow wp-block-cover-is-layout-flow\">\n<p class=\"has-text-align-center has-medium-font-size\"><a href=\"https:\/\/www.jonnart.fi\/index.php\/64-2\/\" data-type=\"page\" data-id=\"64\">Havsvyer \u2013 Merimaisemat \u2013 Seascapes<\/a><\/p>\n<\/div><\/div>\n\n\n\n<hr class=\"wp-block-separator has-alpha-channel-opacity is-style-dots\"\/>\n\n\n\n<div class=\"wp-block-cover has-medium-font-size\"><img loading=\"lazy\" decoding=\"async\" width=\"1911\" height=\"2560\" class=\"wp-block-cover__image-background wp-image-238\" alt=\"\" src=\"https:\/\/www.jonnart.fi\/wp-content\/uploads\/2024\/05\/IMG_20240505_221002-scaled.jpg\" data-object-fit=\"cover\" srcset=\"https:\/\/www.jonnart.fi\/wp-content\/uploads\/2024\/05\/IMG_20240505_221002-scaled.jpg 1911w, https:\/\/www.jonnart.fi\/wp-content\/uploads\/2024\/05\/IMG_20240505_221002-224x300.jpg 224w, https:\/\/www.jonnart.fi\/wp-content\/uploads\/2024\/05\/IMG_20240505_221002-764x1024.jpg 764w, https:\/\/www.jonnart.fi\/wp-content\/uploads\/2024\/05\/IMG_20240505_221002-112x150.jpg 112w, https:\/\/www.jonnart.fi\/wp-content\/uploads\/2024\/05\/IMG_20240505_221002-768x1029.jpg 768w, https:\/\/www.jonnart.fi\/wp-content\/uploads\/2024\/05\/IMG_20240505_221002-1146x1536.jpg 1146w, https:\/\/www.jonnart.fi\/wp-content\/uploads\/2024\/05\/IMG_20240505_221002-1529x2048.jpg 1529w, https:\/\/www.jonnart.fi\/wp-content\/uploads\/2024\/05\/IMG_20240505_221002-300x402.jpg 300w, https:\/\/www.jonnart.fi\/wp-content\/uploads\/2024\/05\/IMG_20240505_221002-850x1139.jpg 850w\" sizes=\"auto, (max-width: 1911px) 100vw, 1911px\" \/><span aria-hidden=\"true\" class=\"wp-block-cover__background has-background-dim-0 has-background-dim\" style=\"background-color:#7f7c7a\"><\/span><div class=\"wp-block-cover__inner-container is-layout-flow wp-block-cover-is-layout-flow\">\n<div class=\"wp-block-group has-white-color has-text-color has-link-color wp-elements-6f7f3c2e1e61dfaf108e7428e43c3f06\"><div class=\"wp-block-group__inner-container is-layout-constrained wp-block-group-is-layout-constrained\">\n<p class=\"has-text-align-center has-white-color has-text-color has-link-color has-medium-font-size wp-elements-efdb508e05d662f8f3cf8ffd1a0d9323\"><a href=\"https:\/\/www.jonnart.fi\/index.php\/vinterlandskap-talvimaisemat-winter-landscapes\/\" data-type=\"page\" data-id=\"167\">Vinterlandskap \u2013 Talvimaisemat \u2013 Winter landscapes<\/a><\/p>\n<\/div><\/div>\n<\/div><\/div>\n\n\n\n<hr class=\"wp-block-separator has-alpha-channel-opacity is-style-dots\"\/>\n\n\n\n<div class=\"wp-block-cover is-light\"><img loading=\"lazy\" decoding=\"async\" width=\"1024\" height=\"531\" class=\"wp-block-cover__image-background wp-image-154\" alt=\"\" src=\"https:\/\/www.jonnart.fi\/wp-content\/uploads\/2024\/04\/68_Angande-mossa_13x27-1024x531.jpg\" data-object-fit=\"cover\" srcset=\"https:\/\/www.jonnart.fi\/wp-content\/uploads\/2024\/04\/68_Angande-mossa_13x27-1024x531.jpg 1024w, https:\/\/www.jonnart.fi\/wp-content\/uploads\/2024\/04\/68_Angande-mossa_13x27-300x155.jpg 300w, https:\/\/www.jonnart.fi\/wp-content\/uploads\/2024\/04\/68_Angande-mossa_13x27-150x78.jpg 150w, https:\/\/www.jonnart.fi\/wp-content\/uploads\/2024\/04\/68_Angande-mossa_13x27-768x398.jpg 768w, https:\/\/www.jonnart.fi\/wp-content\/uploads\/2024\/04\/68_Angande-mossa_13x27-1536x796.jpg 1536w, https:\/\/www.jonnart.fi\/wp-content\/uploads\/2024\/04\/68_Angande-mossa_13x27-2048x1061.jpg 2048w, https:\/\/www.jonnart.fi\/wp-content\/uploads\/2024\/04\/68_Angande-mossa_13x27-850x440.jpg 850w\" sizes=\"auto, (max-width: 1024px) 100vw, 1024px\" \/><span aria-hidden=\"true\" class=\"wp-block-cover__background has-background-dim-0 has-background-dim\"><\/span><div class=\"wp-block-cover__inner-container is-layout-flow wp-block-cover-is-layout-flow\">\n<p class=\"has-text-align-center has-white-color has-text-color has-link-color has-medium-font-size wp-elements-f25ccfb3f311caeae8c44708bcb358bf\"><a href=\"https:\/\/www.jonnart.fi\/index.php\/skog-och-mark-metsassa-ja-maastossa-forests-and-fields\/\" data-type=\"page\" data-id=\"157\">Skog och mark &#8211; Mets\u00e4ss\u00e4 ja maastossa &#8211; Forests and fields<\/a><\/p>\n<\/div><\/div>\n\n\n\n<pre class=\"wp-block-preformatted\"><\/pre>\n","protected":false},"excerpt":{"rendered":"<p>Jonna Stenman &amp; Molly V\u00e4lkommen till min hemsida! Den \u00e4r sj\u00e4lvgjord, s\u00e5 finns det fel f\u00e5r ni g\u00e4rna ber\u00e4tta. H\u00e4r vill jag i alla fall visa n\u00e5gra av mina senaste konstverk. \u00c4r du intresserad av n\u00e5t du ser s\u00e5 ta kontakt! Jag f\u00f6rs\u00f6ker hinna uppdatera i den takt jag m\u00e5lar och verken blir s\u00e5lda. Best\u00e4llningsverk&#8230;<\/p>\n","protected":false},"author":1,"featured_media":12,"parent":0,"menu_order":0,"comment_status":"closed","ping_status":"closed","template":"","meta":{"footnotes":""},"class_list":["post-6","page","type-page","status-publish","has-post-thumbnail","hentry"],"_links":{"self":[{"href":"https:\/\/www.jonnart.fi\/index.php\/wp-json\/wp\/v2\/pages\/6","targetHints":{"allow":["GET"]}}],"collection":[{"href":"https:\/\/www.jonnart.fi\/index.php\/wp-json\/wp\/v2\/pages"}],"about":[{"href":"https:\/\/www.jonnart.fi\/index.php\/wp-json\/wp\/v2\/types\/page"}],"author":[{"embeddable":true,"href":"https:\/\/www.jonnart.fi\/index.php\/wp-json\/wp\/v2\/users\/1"}],"replies":[{"embeddable":true,"href":"https:\/\/www.jonnart.fi\/index.php\/wp-json\/wp\/v2\/comments?post=6"}],"version-history":[{"count":50,"href":"https:\/\/www.jonnart.fi\/index.php\/wp-json\/wp\/v2\/pages\/6\/revisions"}],"predecessor-version":[{"id":420,"href":"https:\/\/www.jonnart.fi\/index.php\/wp-json\/wp\/v2\/pages\/6\/revisions\/420"}],"wp:featuredmedia":[{"embeddable":true,"href":"https:\/\/www.jonnart.fi\/index.php\/wp-json\/wp\/v2\/media\/12"}],"wp:attachment":[{"href":"https:\/\/www.jonnart.fi\/index.php\/wp-json\/wp\/v2\/media?parent=6"}],"curies":[{"name":"wp","href":"https:\/\/api.w.org\/{rel}","templated":true}]}}