{"id":206,"date":"2026-04-24T21:47:27","date_gmt":"2026-04-24T21:47:27","guid":{"rendered":"https:\/\/www.jonnart.fi\/?page_id=206"},"modified":"2026-04-25T07:02:44","modified_gmt":"2026-04-25T07:02:44","slug":"om-mig-minusta-about-me","status":"publish","type":"page","link":"https:\/\/www.jonnart.fi\/index.php\/om-mig-minusta-about-me\/","title":{"rendered":"Om mig &#8211; Minusta &#8211; About me"},"content":{"rendered":"\n<div class=\"wp-block-media-text is-stacked-on-mobile\"><figure  class=\"wp-block-media-text__media\"><img loading=\"lazy\" decoding=\"async\" width=\"300\" height=\"330\" alt=\"\" src=\"https:\/\/www.jonnart.fi\/wp-content\/uploads\/2024\/05\/Sjalvportratt-300x330.jpg\" class=\"wp-image-251 size-full\" srcset=\"https:\/\/www.jonnart.fi\/wp-content\/uploads\/2024\/05\/Sjalvportratt-300x330.jpg 300w, https:\/\/www.jonnart.fi\/wp-content\/uploads\/2024\/05\/Sjalvportratt-273x300.jpg 273w, https:\/\/www.jonnart.fi\/wp-content\/uploads\/2024\/05\/Sjalvportratt-136x150.jpg 136w, https:\/\/www.jonnart.fi\/wp-content\/uploads\/2024\/05\/Sjalvportratt.jpg 745w\" sizes=\"auto, (max-width: 300px) 100vw, 300px\" \/><\/figure><div class=\"wp-block-media-text__content\">\n<p>Deth\u00e4r \u00e4r jag<\/p>\n\n\n\n<p>T\u00e4ss\u00e4 min\u00e4 olen<\/p>\n\n\n\n<p>This is me<\/p>\n<\/div><\/div>\n\n\n\n<p><\/p>\n\n\n\n<p>\u00c5r 2026 har b\u00f6rjat med fart \u2013 jag fick utm\u00e4rkelsen \u201dstigande stj\u00e4rna\u201d som en av 200 bland mer \u00e4n 2200 bidrag till International Watercolour Masters 2026 I Lilleshall i maj. Det k\u00e4nns toppen, fast min tavla endast deltar i den virtuella delen av tillst\u00e4llningen. Men stj\u00e4rna ja det \u00e4r inte fy skam det! Sedan valdes jag med i European confederation of watercolour societies symposium i Gdansk i september, och s\u00e5 blir det \u00e5tminstone tre utst\u00e4llningar!<\/p>\n\n\n\n<p>Jag \u00e4r en sj\u00e4lvl\u00e4rd och sent utvecklas konstn\u00e4r, fast jag alltid gjort n\u00e5nting kreativt som hobby &#8211; m\u00e5lat, dansat, sjungit, spelat teater, slipat stenar och gjort smycken. Men de senaste fem \u00e5ret har akvarellkonsten blivit livsviktig f\u00f6r mig. Jag inser att konst har b\u00f6rjat ta plats i mitt liv p\u00e5 ett helt nytt s\u00e4tt och numer titulerar jag mig glatt konstn\u00e4r utan sj\u00e5p. Men tyngdvikten \u00e4r och f\u00f6rblir p\u00e5 k\u00e4rleken till konsten, och st\u00f6rsta delen av mitt levebr\u00f6d f\u00e5r jag fr\u00e5n arbetet p\u00e5 min redovisningsbyr\u00e5. D\u00e4r har jag nytta av m\u00e5ngsidig arbetserfarenhet och ekonomutbildning f\u00f6rutom kreativiteten. Nu d\u00e5 barnen flyttat hemifr\u00e5n har jag dessutom mer tid. <\/p>\n\n\n\n<p>Min st\u00f6rsta inspirationsk\u00e4lla \u00e4r naturen &#8211; s\u00e4rskilt sk\u00e4rg\u00e5rden. Den f\u00e5r jag njuta av varje sommar d\u00e5 min man Mathias och jag flyttar ombord p\u00e5 segelb\u00e5ten f\u00f6r n\u00e4rmare tv\u00e5 m\u00e5nader. Det g\u00e5r bra att jobba p\u00e5 distans, och att m\u00e5la i absoluta n\u00e4rheten till naturen \u00e4r ljuvlig! Min favoritv\u00e4derlek \u00e4r storm, men inte d\u00e5 det g\u00e4ller segling f\u00f6rst\u00e5s.<\/p>\n\n\n\n<p>JOTAIN MINUSTA<\/p>\n\n\n\n<p>Vuosi 2026 on alkanut vauhdikkaasti \u2013 sain tunnustuksen &#8221;nouseva t\u00e4hti&#8221; yhten\u00e4 200:sta yli 2200 teoksen joukosta ennen International Watercolour Masters 2026 -tapahtumaa ennen pidett\u00e4v\u00e4ss\u00e4 kilpailussa. Se tuntuu hienolta, vaikka teokseni osallistuukin vain Lilleshallissa toukokuussabtapahtuman virtuaaliseen osaan. Mutta t\u00e4hti kuin t\u00e4hti \u2013 ei yht\u00e4\u00e4n hullumpaa! Minut valittiin my\u00f6s mukaan European Confederation of Watercolour Societies -symposiumiin Gdanskiin syyskuussa, ja lis\u00e4ksi luvassa on ainakin kolme n\u00e4yttely\u00e4 viel\u00e4!<\/p>\n\n\n\n<p>Olen itseoppinut ja my\u00f6h\u00e4\u00e4n kehittynyt taiteilija, vaikka olen aina harrastanut jotain luovaa \u2013 maalannut, tanssinut, laulanut, n\u00e4ytellyt, hionut kivi\u00e4 ja tehnyt koruja. Viimeisten viiden vuoden aikana akvarellitaiteesta on kuitenkin tullut minulle elint\u00e4rke\u00e4\u00e4. Huomaan, ett\u00e4 taide on alkanut ottaa el\u00e4m\u00e4ss\u00e4ni aivan uudenlaisen paikan, ja nyky\u00e4\u00e4n kutsun itse\u00e4ni iloisesti taiteilijaksi ilman turhaa vaatimattomuutta. Painopiste on ja pysyy rakkaudessa taiteeseen, ja suurin osa toimeentulostani tulee ty\u00f6st\u00e4ni tilitoimistossa. Siell\u00e4 hy\u00f6dynn\u00e4n monipuolista ty\u00f6kokemustani ja ekonomin koulutustani luovuuden lis\u00e4ksi. Nyt kun lapset ovat muuttaneet kotoa, minulla on my\u00f6s enemm\u00e4n aikaa.<\/p>\n\n\n\n<p>Suurin inspiraationi l\u00e4hde on luonto \u2013 erityisesti saaristo. Saan nauttia siit\u00e4 joka kes\u00e4, kun mieheni Mathiaksen kanssa muutamme purjeveneelle l\u00e4hes kahdeksi kuukaudeksi. Et\u00e4ty\u00f6 sujuu hyvin, ja maalaaminen aivan luonnon l\u00e4heisyydess\u00e4 on ihanaa! Lempis\u00e4\u00e4ni on myrsky, mutta ei tietenk\u00e4\u00e4n purjehtiessa.<\/p>\n","protected":false},"excerpt":{"rendered":"<p>Deth\u00e4r \u00e4r jag T\u00e4ss\u00e4 min\u00e4 olen This is me \u00c5r 2026 har b\u00f6rjat med fart \u2013 jag fick utm\u00e4rkelsen \u201dstigande stj\u00e4rna\u201d som en av 200 bland mer \u00e4n 2200 bidrag till International Watercolour Masters 2026 I Lilleshall i maj. Det k\u00e4nns toppen, fast min tavla endast deltar i den virtuella delen av tillst\u00e4llningen. Men stj\u00e4rna&#8230;<\/p>\n","protected":false},"author":1,"featured_media":251,"parent":0,"menu_order":0,"comment_status":"closed","ping_status":"closed","template":"","meta":{"footnotes":""},"class_list":["post-206","page","type-page","status-publish","has-post-thumbnail","hentry"],"_links":{"self":[{"href":"https:\/\/www.jonnart.fi\/index.php\/wp-json\/wp\/v2\/pages\/206","targetHints":{"allow":["GET"]}}],"collection":[{"href":"https:\/\/www.jonnart.fi\/index.php\/wp-json\/wp\/v2\/pages"}],"about":[{"href":"https:\/\/www.jonnart.fi\/index.php\/wp-json\/wp\/v2\/types\/page"}],"author":[{"embeddable":true,"href":"https:\/\/www.jonnart.fi\/index.php\/wp-json\/wp\/v2\/users\/1"}],"replies":[{"embeddable":true,"href":"https:\/\/www.jonnart.fi\/index.php\/wp-json\/wp\/v2\/comments?post=206"}],"version-history":[{"count":7,"href":"https:\/\/www.jonnart.fi\/index.php\/wp-json\/wp\/v2\/pages\/206\/revisions"}],"predecessor-version":[{"id":430,"href":"https:\/\/www.jonnart.fi\/index.php\/wp-json\/wp\/v2\/pages\/206\/revisions\/430"}],"wp:featuredmedia":[{"embeddable":true,"href":"https:\/\/www.jonnart.fi\/index.php\/wp-json\/wp\/v2\/media\/251"}],"wp:attachment":[{"href":"https:\/\/www.jonnart.fi\/index.php\/wp-json\/wp\/v2\/media?parent=206"}],"curies":[{"name":"wp","href":"https:\/\/api.w.org\/{rel}","templated":true}]}}